{"id":21,"date":"2019-04-26T13:42:07","date_gmt":"2019-04-26T11:42:07","guid":{"rendered":"https:\/\/sgleimbach.de\/?page_id=21"},"modified":"2019-08-02T10:39:12","modified_gmt":"2019-08-02T08:39:12","slug":"gymnastik","status":"publish","type":"page","link":"https:\/\/www.sgleimbach.de\/index.php\/gymnastik\/","title":{"rendered":"Gymnastik"},"content":{"rendered":"<p>[vc_row row_type=&#8220;row&#8220; use_row_as_full_screen_section=&#8220;no&#8220; type=&#8220;grid&#8220; text_align=&#8220;left&#8220; background_animation=&#8220;none&#8220; css_animation=&#8220;&#8220; el_class=&#8220;bg_gymnastik&#8220; css=&#8220;.vc_custom_1564735022130{background-image: url(https:\/\/sgleimbach.de\/wp-content\/uploads\/2019\/04\/sg_leimbach_icon_gymnastik_hell.svg?id=76) !important;}&#8220;][vc_column][vc_empty_space height=&#8220;96px&#8220;][vc_row_inner row_type=&#8220;row&#8220; type=&#8220;full_width&#8220; use_row_as_full_screen_section_slide=&#8220;no&#8220; text_align=&#8220;left&#8220; css_animation=&#8220;&#8220;][vc_column_inner width=&#8220;1\/6&#8243;][\/vc_column_inner][vc_column_inner width=&#8220;4\/6&#8243;][vc_column_text]<\/p>\n<p style=\"text-align: center;\">Im Jahr 2005 wurde die Abteilung Gymnastik &#8222;wieder belebt&#8220;<span class=\"marked\">. <\/span>Diana Hirschelmann bot sich als Fach\u00fcbungsleiterin an und stie\u00df auf gro\u00dfes Interesse bei der weiblichen Bev\u00f6lkerung in Leimbach und Umgebung.<\/p>\n<p>[\/vc_column_text][vc_empty_space height=&#8220;96px&#8220;][\/vc_column_inner][vc_column_inner width=&#8220;1\/6&#8243;][\/vc_column_inner][\/vc_row_inner][vc_row_inner row_type=&#8220;row&#8220; type=&#8220;full_width&#8220; use_row_as_full_screen_section_slide=&#8220;no&#8220; text_align=&#8220;left&#8220; css_animation=&#8220;&#8220;][vc_column_inner width=&#8220;1\/3&#8243;][vc_column_text]<\/p>\n<h3>Trainingszeiten<\/h3>\n<p>[\/vc_column_text][vc_empty_space height=&#8220;64px&#8220;][vc_column_text]<\/p>\n<h4>Montags<\/h4>\n<p>18:00 &#8211; 19:00 Uhr<\/p>\n<p>Ehemaliges Eiscaf\u00e9 &#8222;Am Ronneberg&#8220;[\/vc_column_text][vc_empty_space][\/vc_column_inner][vc_column_inner width=&#8220;1\/3&#8243;][vc_empty_space height=&#8220;48px&#8220;][vc_empty_space height=&#8220;64px&#8220;][vc_column_text]<\/p>\n<h4>Montags<\/h4>\n<p>19.15 &#8211; 20:15 Uhr<\/p>\n<p>Ehemaliges Eiscaf\u00e9 &#8222;Am Ronneberg&#8220;[\/vc_column_text][vc_empty_space][\/vc_column_inner][vc_column_inner width=&#8220;1\/3&#8220;][vc_column_text]<\/p>\n<h3>Anprechpartner<\/h3>\n<p>[\/vc_column_text][vc_empty_space height=&#8220;64px&#8220;][vc_column_text]<\/p>\n<h4>Diana Hirschelmann<\/h4>\n<p>E-Mail: <a href=\"mailto:hirschelmann@sgleimbach.de\">hirschelmann@sgleimbach.de<\/a>[\/vc_column_text][vc_empty_space][\/vc_column_inner][\/vc_row_inner][vc_empty_space height=&#8220;64px&#8220;][\/vc_column][\/vc_row][vc_row row_type=&#8220;row&#8220; use_row_as_full_screen_section=&#8220;no&#8220; type=&#8220;grid&#8220; text_align=&#8220;left&#8220; background_animation=&#8220;none&#8220; css_animation=&#8220;&#8220; css=&#8220;.vc_custom_1556520854615{background-color: #e5ecf2 !important;}&#8220;][vc_column][vc_empty_space height=&#8220;96px&#8220;][vc_column_text]<\/p>\n<h1>Unsere Trainerin<\/h1>\n<p>[\/vc_column_text][vc_empty_space height=&#8220;64px&#8220;][\/vc_column][\/vc_row][vc_row row_type=&#8220;row&#8220; use_row_as_full_screen_section=&#8220;no&#8220; type=&#8220;grid&#8220; text_align=&#8220;left&#8220; background_animation=&#8220;none&#8220; css_animation=&#8220;&#8220; css=&#8220;.vc_custom_1556520916643{background-color: #e5ecf2 !important;}&#8220;][vc_column][vc_column_text]Diana Hirschelmann ist die \u00dcbungsleiterin unserer Gymnastikgruppe. Mit der Idee eine Gymnastikgruppe zu gr\u00fcnden stie\u00df sie auf gro\u00dfes Interesse in Leimbach und der Umgebung. Damit sie auf alle Bed\u00fcrfnisse der Teilnehmer eingehen kann, erfolgte eine Einteilung in eine <span class=\"marked\">Softsport-Gruppe<\/span> und eine <span class=\"marked\">Fitness-Gruppe.<\/span>[\/vc_column_text][vc_empty_space][\/vc_column][\/vc_row][vc_row row_type=&#8220;row&#8220; use_row_as_full_screen_section=&#8220;no&#8220; type=&#8220;full_width&#8220; text_align=&#8220;left&#8220; background_animation=&#8220;none&#8220; css_animation=&#8220;&#8220; css=&#8220;.vc_custom_1556520923979{background-color: #e5ecf2 !important;}&#8220;][vc_column][vc_empty_space height=&#8220;64px&#8220;][\/vc_column][\/vc_row][vc_row row_type=&#8220;row&#8220; use_row_as_full_screen_section=&#8220;no&#8220; type=&#8220;full_width&#8220; text_align=&#8220;left&#8220; background_animation=&#8220;none&#8220; css_animation=&#8220;&#8220;][vc_column][vc_empty_space height=&#8220;96px&#8220;][\/vc_column][\/vc_row][vc_row row_type=&#8220;row&#8220; use_row_as_full_screen_section=&#8220;no&#8220; type=&#8220;grid&#8220; text_align=&#8220;left&#8220; background_animation=&#8220;none&#8220; css_animation=&#8220;&#8220;][vc_column][vc_column_text]<\/p>\n<h1>Softsport-Gruppe<\/h1>\n<p>[\/vc_column_text][vc_empty_space height=&#8220;64px&#8220;][\/vc_column][\/vc_row][vc_row row_type=&#8220;row&#8220; use_row_as_full_screen_section=&#8220;no&#8220; type=&#8220;grid&#8220; text_align=&#8220;left&#8220; background_animation=&#8220;none&#8220; css_animation=&#8220;&#8220;][vc_column width=&#8220;1\/2&#8243;][vc_empty_space][\/vc_column][vc_column width=&#8220;1\/2&#8243;][vc_column_text]Die Schwerpunkte der Softsport-Gruppe sind sanfte Bewegungsangebote, die die Funktionalit\u00e4t des K\u00f6rpers erhalten und verbessern.<br \/>\nDazu geh\u00f6ren:<\/p>\n<ul>\n<li>Wirbels\u00e4ulengymnastik u.-mobilisation<\/li>\n<li>Schulter-Nacken-Kr\u00e4ftigung und Dehnung<\/li>\n<li>sanftes Herzkreislauf-Training<\/li>\n<li>Ballgymnastik<\/li>\n<li>Fettstoffwechseltraining<\/li>\n<li>in den Sommermonaten Walking und Nordic Walking<br \/>\n(das mit den lustigen St\u00f6cken, welche uns den Namen &#8222;Leimbacher Stockenten&#8220; bescherte!)<\/li>\n<\/ul>\n<p>[\/vc_column_text][vc_empty_space][\/vc_column][\/vc_row][vc_row row_type=&#8220;row&#8220; use_row_as_full_screen_section=&#8220;no&#8220; type=&#8220;grid&#8220; text_align=&#8220;left&#8220; background_animation=&#8220;none&#8220; css_animation=&#8220;&#8220;][vc_column][vc_empty_space height=&#8220;64px&#8220;][vc_column_text]<\/p>\n<h1>Fitness-Gruppe<\/h1>\n<p>[\/vc_column_text][vc_empty_space height=&#8220;64px&#8220;][\/vc_column][\/vc_row][vc_row row_type=&#8220;row&#8220; use_row_as_full_screen_section=&#8220;no&#8220; type=&#8220;grid&#8220; text_align=&#8220;left&#8220; background_animation=&#8220;none&#8220; css_animation=&#8220;&#8220;][vc_column width=&#8220;1\/2&#8243;][vc_empty_space][\/vc_column][vc_column width=&#8220;1\/2&#8243;][vc_column_text]Die Fitness-Gruppe konzentriert sich auf die Verbesserung der allgemeinen Leistungsf\u00e4higkeit des K\u00f6rpers,<br \/>\nwie beispielsweise:<\/p>\n<ul class=\"circlelist\">\n<li>Aerobic zur Verbesserung der Koordination und des Herzkreislaufs<\/li>\n<li>Kr\u00e4ftigung der Muskulatur mit Kurzhanteln<\/li>\n<li>Bauch- u. R\u00fcckentraining<\/li>\n<li>sowie Intervalltraining<\/li>\n<\/ul>\n<p>[\/vc_column_text][vc_empty_space][\/vc_column][\/vc_row][vc_row row_type=&#8220;row&#8220; use_row_as_full_screen_section=&#8220;no&#8220; type=&#8220;full_width&#8220; text_align=&#8220;left&#8220; background_animation=&#8220;none&#8220; css_animation=&#8220;&#8220;][vc_column][vc_empty_space height=&#8220;64px&#8220;][\/vc_column][\/vc_row][vc_row row_type=&#8220;row&#8220; use_row_as_full_screen_section=&#8220;no&#8220; type=&#8220;grid&#8220; text_align=&#8220;left&#8220; background_animation=&#8220;none&#8220; css_animation=&#8220;&#8220; css=&#8220;.vc_custom_1556801813090{background-color: #e5ecf2 !important;}&#8220;][vc_column][vc_empty_space height=&#8220;96px&#8220;][vc_column_text]Organisiert sind wir \u00fcber die SG Leimbach im Th\u00fcringer Turnverband. Dieser regt auch immer wieder zu Weiterbildung an, die hilft neue Stunden zu erarbeiten. So gibt es ein Programm in Zusammenarbeit mit verschiedenen Krankenkassen, das sich <span class=\"marked\">&#8222;Pluspunkt Gesundheit&#8220;<\/span> nennt.<\/p>\n<p>Kurse werden zum Teil von diesen Krankenkassen finanziell unterst\u00fctzt, m\u00fcssen aber bestimmte Voraussetzungen erf\u00fcllen. Dazu geh\u00f6rt auch eine besondere Ausbildung des \u00dcbungsleiters, die letztes Jahr von der SG Leimbach bezahlt wurde.<\/p>\n<p>So besteht nun die M\u00f6glichkeit unserer SG, Kurse in Zusammenarbeit mit den Krankenkassen anzubieten, auch um die finanzielle Situation unseres Vereins zu verbessern.<\/p>\n<p>Bei Interesse k\u00f6nnt ihr euch jederzeit an <span class=\"marked\">Diana Hirschelmann<\/span> wenden, sie wird euch gerne die n\u00f6tigen Informationen geben.[\/vc_column_text][vc_empty_space height=&#8220;96px&#8220;][\/vc_column][\/vc_row]<\/p>\n","protected":false},"excerpt":{"rendered":"<p>[vc_row row_type=&#8220;row&#8220; use_row_as_full_screen_section=&#8220;no&#8220; type=&#8220;grid&#8220; text_align=&#8220;left&#8220; background_animation=&#8220;none&#8220; css_animation=&#8220;&#8220; el_class=&#8220;bg_gymnastik&#8220; css=&#8220;.vc_custom_1564735022130{background-image: url(https:\/\/sgleimbach.de\/wp-content\/uploads\/2019\/04\/sg_leimbach_icon_gymnastik_hell.svg?id=76) !important;}&#8220;][vc_column][vc_empty_space height=&#8220;96px&#8220;][vc_row_inner row_type=&#8220;row&#8220; type=&#8220;full_width&#8220; use_row_as_full_screen_section_slide=&#8220;no&#8220; text_align=&#8220;left&#8220; css_animation=&#8220;&#8220;][vc_column_inner width=&#8220;1\/6&#8243;][\/vc_column_inner][vc_column_inner width=&#8220;4\/6&#8243;][vc_column_text] Im Jahr 2005 wurde die Abteilung Gymnastik &#8222;wieder belebt&#8220;. Diana Hirschelmann bot sich als Fach\u00fcbungsleiterin an und stie\u00df auf gro\u00dfes Interesse bei der weiblichen Bev\u00f6lkerung in&#8230;<\/p>\n","protected":false},"author":1,"featured_media":0,"parent":0,"menu_order":0,"comment_status":"closed","ping_status":"closed","template":"full_width.php","meta":[],"_links":{"self":[{"href":"https:\/\/www.sgleimbach.de\/index.php\/wp-json\/wp\/v2\/pages\/21"}],"collection":[{"href":"https:\/\/www.sgleimbach.de\/index.php\/wp-json\/wp\/v2\/pages"}],"about":[{"href":"https:\/\/www.sgleimbach.de\/index.php\/wp-json\/wp\/v2\/types\/page"}],"author":[{"embeddable":true,"href":"https:\/\/www.sgleimbach.de\/index.php\/wp-json\/wp\/v2\/users\/1"}],"replies":[{"embeddable":true,"href":"https:\/\/www.sgleimbach.de\/index.php\/wp-json\/wp\/v2\/comments?post=21"}],"version-history":[{"count":11,"href":"https:\/\/www.sgleimbach.de\/index.php\/wp-json\/wp\/v2\/pages\/21\/revisions"}],"predecessor-version":[{"id":553,"href":"https:\/\/www.sgleimbach.de\/index.php\/wp-json\/wp\/v2\/pages\/21\/revisions\/553"}],"wp:attachment":[{"href":"https:\/\/www.sgleimbach.de\/index.php\/wp-json\/wp\/v2\/media?parent=21"}],"curies":[{"name":"wp","href":"https:\/\/api.w.org\/{rel}","templated":true}]}}