{"id":2,"date":"2019-04-26T13:20:24","date_gmt":"2019-04-26T11:20:24","guid":{"rendered":"https:\/\/sgleimbach.de\/?page_id=2"},"modified":"2026-03-04T08:14:12","modified_gmt":"2026-03-04T07:14:12","slug":"beispiel-seite","status":"publish","type":"page","link":"https:\/\/www.sgleimbach.de\/","title":{"rendered":"Start"},"content":{"rendered":"<p>[vc_row row_type=&#8220;row&#8220; use_row_as_full_screen_section=&#8220;no&#8220; type=&#8220;grid&#8220; text_align=&#8220;left&#8220; background_animation=&#8220;none&#8220; css_animation=&#8220;&#8220;][vc_column][\/vc_column][\/vc_row][vc_row row_type=&#8220;row&#8220; use_row_as_full_screen_section=&#8220;no&#8220; type=&#8220;grid&#8220; text_align=&#8220;left&#8220; background_animation=&#8220;none&#8220; css_animation=&#8220;&#8220; css=&#8220;.vc_custom_1556613171543{background-color: #e5ecf2 !important;}&#8220;][vc_column][vc_empty_space height=&#8220;96px&#8220;][vc_column_text]<\/p>\n<h1>Abteilungen<\/h1>\n<p>[\/vc_column_text][vc_empty_space height=&#8220;64px&#8220;][\/vc_column][\/vc_row][vc_row row_type=&#8220;row&#8220; use_row_as_full_screen_section=&#8220;no&#8220; type=&#8220;grid&#8220; text_align=&#8220;left&#8220; background_animation=&#8220;none&#8220; css_animation=&#8220;&#8220; css=&#8220;.vc_custom_1556616226285{padding-right: 16px !important;padding-left: 16px !important;background-color: #e5ecf2 !important;}&#8220; el_class=&#8220;abteilung_voll&#8220;][vc_column width=&#8220;1\/6&#8243;][vc_empty_space][vc_single_image image=&#8220;49&#8243; img_size=&#8220;medium&#8220; alignment=&#8220;center&#8220; qode_css_animation=&#8220;&#8220;][vc_empty_space][\/vc_column][vc_column width=&#8220;5\/6&#8243;][vc_empty_space][vc_column_text]<\/p>\n<h2>Fu\u00dfball<\/h2>\n<p>[\/vc_column_text][vc_empty_space height=&#8220;16px&#8220;][vc_column_text]Unsere Abteilung Fu\u00dfball umfasst zwei Herrenmannschaften. Eine in der TeamsportNDH-Kreisoberliga und eine in der Kreisklasse Nordth\u00fcringen Staffel 4.[\/vc_column_text][vc_column_text]<a href=\"https:\/\/sgleimbach.de\/index.php\/fussball\/\">mehr erfahren<\/a>[\/vc_column_text][vc_empty_space][\/vc_column][\/vc_row][vc_row row_type=&#8220;row&#8220; use_row_as_full_screen_section=&#8220;no&#8220; type=&#8220;grid&#8220; text_align=&#8220;left&#8220; background_animation=&#8220;none&#8220; css_animation=&#8220;&#8220; css=&#8220;.vc_custom_1556614425689{background-color: #e5ecf2 !important;}&#8220; el_class=&#8220;abteilung_halb&#8220;][vc_column width=&#8220;1\/2&#8243; css=&#8220;.vc_custom_1556614226579{margin-right: 16px !important;}&#8220;][vc_row_inner row_type=&#8220;row&#8220; type=&#8220;full_width&#8220; use_row_as_full_screen_section_slide=&#8220;no&#8220; text_align=&#8220;left&#8220; css_animation=&#8220;&#8220; el_class=&#8220;abteilung_links&#8220;][vc_column_inner width=&#8220;1\/3&#8243;][vc_empty_space][vc_single_image image=&#8220;45&#8243; img_size=&#8220;medium&#8220; alignment=&#8220;center&#8220; qode_css_animation=&#8220;&#8220;][vc_empty_space][\/vc_column_inner][vc_column_inner width=&#8220;2\/3&#8243;][vc_empty_space][vc_column_text]<\/p>\n<h2>Basketball<\/h2>\n<p>[\/vc_column_text][vc_empty_space height=&#8220;16px&#8220;][vc_column_text]In der Abteilung Basketball tritt die Mannschaft Seamr\u00f3g Basketballclub Nordhausen \/ Leimbach in der Th\u00fcringer Oberliga an.[\/vc_column_text][vc_column_text]<a href=\"https:\/\/sgleimbach.de\/index.php\/basketball\/\">mehr erfahren<\/a>[\/vc_column_text][vc_empty_space][\/vc_column_inner][\/vc_row_inner][\/vc_column][vc_column width=&#8220;1\/2&#8243; css=&#8220;.vc_custom_1556614234233{margin-left: 16px !important;}&#8220;][vc_row_inner row_type=&#8220;row&#8220; type=&#8220;full_width&#8220; use_row_as_full_screen_section_slide=&#8220;no&#8220; text_align=&#8220;left&#8220; css_animation=&#8220;&#8220; el_class=&#8220;abteilung_rechts&#8220;][vc_column_inner width=&#8220;1\/3&#8243;][vc_empty_space][vc_single_image image=&#8220;48&#8243; img_size=&#8220;medium&#8220; alignment=&#8220;center&#8220; qode_css_animation=&#8220;&#8220;][vc_empty_space][\/vc_column_inner][vc_column_inner width=&#8220;2\/3&#8243;][vc_empty_space][vc_column_text]<\/p>\n<h2>Volleyball<\/h2>\n<p>[\/vc_column_text][vc_empty_space height=&#8220;16px&#8220;][vc_empty_space][vc_column_text css=&#8220;.vc_custom_1556626291414{padding-right: 15px !important;}&#8220;]Unser Herren-Volleyballteam tritt in der Kreisliga Nordhausen an.[\/vc_column_text][vc_empty_space][vc_column_text]<a href=\"https:\/\/sgleimbach.de\/index.php\/volleyball\/\">mehr erfahren<\/a>[\/vc_column_text][vc_empty_space][\/vc_column_inner][\/vc_row_inner][\/vc_column][\/vc_row][vc_row row_type=&#8220;row&#8220; use_row_as_full_screen_section=&#8220;no&#8220; type=&#8220;grid&#8220; text_align=&#8220;left&#8220; background_animation=&#8220;none&#8220; css_animation=&#8220;&#8220; css=&#8220;.vc_custom_1556614425689{background-color: #e5ecf2 !important;}&#8220; el_class=&#8220;abteilung_halb&#8220;][vc_column width=&#8220;1\/2&#8243; css=&#8220;.vc_custom_1556614226579{margin-right: 16px !important;}&#8220;][vc_row_inner row_type=&#8220;row&#8220; type=&#8220;full_width&#8220; use_row_as_full_screen_section_slide=&#8220;no&#8220; text_align=&#8220;left&#8220; css_animation=&#8220;&#8220; el_class=&#8220;abteilung_links&#8220;][vc_column_inner width=&#8220;1\/3&#8243;][vc_empty_space][vc_single_image image=&#8220;47&#8243; img_size=&#8220;medium&#8220; alignment=&#8220;center&#8220; qode_css_animation=&#8220;&#8220;][vc_empty_space][\/vc_column_inner][vc_column_inner width=&#8220;2\/3&#8243;][vc_empty_space][vc_column_text]<\/p>\n<h2>Rugby<\/h2>\n<p>[\/vc_column_text][vc_empty_space height=&#8220;16px&#8220;][vc_column_text]Seit August 2010 gibt es in unserer Sportgemeinschaft die Abteilung Rugby mit dem Seamr\u00f3g Rugby Club. Wir bieten Rugby-Training f\u00fcr alle Rugby-Begeisterten, egal ob Mann oder Frau.[\/vc_column_text][vc_column_text]<a href=\"https:\/\/sgleimbach.de\/index.php\/rugby\/\">mehr erfahren<\/a>[\/vc_column_text][vc_empty_space][\/vc_column_inner][\/vc_row_inner][\/vc_column][vc_column width=&#8220;1\/2&#8243; css=&#8220;.vc_custom_1556614234233{margin-left: 16px !important;}&#8220;][vc_row_inner row_type=&#8220;row&#8220; type=&#8220;full_width&#8220; use_row_as_full_screen_section_slide=&#8220;no&#8220; text_align=&#8220;left&#8220; css_animation=&#8220;&#8220; el_class=&#8220;abteilung_rechts&#8220;][vc_column_inner width=&#8220;1\/3&#8243;][vc_empty_space][vc_single_image image=&#8220;46&#8243; img_size=&#8220;medium&#8220; alignment=&#8220;center&#8220; qode_css_animation=&#8220;&#8220;][vc_empty_space][\/vc_column_inner][vc_column_inner width=&#8220;2\/3&#8243;][vc_empty_space][vc_column_text]<\/p>\n<h2>Gymnastik<\/h2>\n<p>[\/vc_column_text][vc_empty_space height=&#8220;16px&#8220;][vc_column_text css=&#8220;.vc_custom_1556626282076{padding-right: 15px !important;}&#8220;]In verschiedenen Sportgruppen findet jeder Gymnastik-Begeisterte die richtigen Angebote f\u00fcr sich und seinen K\u00f6rper. Von Ballgymnastik bis Aerobic ist f\u00fcr Jeden was dabei.[\/vc_column_text][vc_column_text]<a href=\"https:\/\/sgleimbach.de\/index.php\/gymnastik\/\">mehr erfahren<\/a>[\/vc_column_text][vc_empty_space][\/vc_column_inner][\/vc_row_inner][\/vc_column][\/vc_row][vc_row row_type=&#8220;row&#8220; use_row_as_full_screen_section=&#8220;no&#8220; type=&#8220;full_width&#8220; text_align=&#8220;left&#8220; background_animation=&#8220;none&#8220; css_animation=&#8220;&#8220; css=&#8220;.vc_custom_1556613362557{background-color: #e5ecf2 !important;}&#8220;][vc_column][vc_empty_space height=&#8220;96px&#8220;][\/vc_column][\/vc_row][vc_row row_type=&#8220;row&#8220; use_row_as_full_screen_section=&#8220;no&#8220; type=&#8220;grid&#8220; text_align=&#8220;left&#8220; background_animation=&#8220;none&#8220; css_animation=&#8220;&#8220;][vc_column][vc_empty_space height=&#8220;96px&#8220;][vc_column_text]<\/p>\n<h1>SG Leimbach Fanshop<\/h1>\n<p>[\/vc_column_text][vc_empty_space][\/vc_column][\/vc_row][vc_row row_type=&#8220;row&#8220; use_row_as_full_screen_section=&#8220;no&#8220; type=&#8220;grid&#8220; text_align=&#8220;left&#8220; background_animation=&#8220;none&#8220; css_animation=&#8220;&#8220;][vc_column width=&#8220;1\/2&#8243;][vc_empty_space][vc_single_image image=&#8220;1071&#8243; img_size=&#8220;large&#8220; qode_css_animation=&#8220;&#8220;][\/vc_column][vc_column width=&#8220;1\/2&#8243;][vc_empty_space height=&#8220;64px&#8220;][vc_column_text]Hier findest du unseren Fan-Shop von Sport 2000. Jetzt kannst du dir verschieden Sachen mit dem SG Leimbach Logo bedrucken.[\/vc_column_text][vc_empty_space height=&#8220;64px&#8220;]<a href=\"https:\/\/www.sp2000.de\/vereinsshop\/sg-leimbach\/\" target=\"_blank\"  class=\"qbutton  large\" style=\"\">zum Shop<\/a>[vc_empty_space height=&#8220;96px&#8220;][\/vc_column][\/vc_row][vc_row row_type=&#8220;row&#8220; use_row_as_full_screen_section=&#8220;no&#8220; type=&#8220;full_width&#8220; text_align=&#8220;left&#8220; background_animation=&#8220;none&#8220; css_animation=&#8220;&#8220;][vc_column][vc_raw_js]JTNDc2NyaXB0JTIwdHlwZSUzRCUyMnRleHQlMkZqYXZhc2NyaXB0JTIyJTNFJTBBJTBBalF1ZXJ5JTI4JTIyLmFidGVpbHVuZ19pY29uJTIyJTI5LmNsaWNrJTI4ZnVuY3Rpb24lMjglMjklMjAlN0IlMEElMjAlMjB3aW5kb3cubG9jYXRpb24lMjAlM0QlMjBqUXVlcnklMjh0aGlzJTI5LmZpbmQlMjglMjJhJTIyJTI5LmF0dHIlMjglMjJocmVmJTIyJTI5JTNCJTIwJTBBJTIwJTIwcmV0dXJuJTIwZmFsc2UlM0IlMEElN0QlMjklM0IlMEElMEElM0MlMkZzY3JpcHQlM0U=[\/vc_raw_js][\/vc_column][\/vc_row]<\/p>\n","protected":false},"excerpt":{"rendered":"<p>[vc_row row_type=&#8220;row&#8220; use_row_as_full_screen_section=&#8220;no&#8220; type=&#8220;grid&#8220; text_align=&#8220;left&#8220; background_animation=&#8220;none&#8220; css_animation=&#8220;&#8220;][vc_column][\/vc_column][\/vc_row][vc_row row_type=&#8220;row&#8220; use_row_as_full_screen_section=&#8220;no&#8220; type=&#8220;grid&#8220; text_align=&#8220;left&#8220; background_animation=&#8220;none&#8220; css_animation=&#8220;&#8220; css=&#8220;.vc_custom_1556613171543{background-color: #e5ecf2 !important;}&#8220;][vc_column][vc_empty_space height=&#8220;96px&#8220;][vc_column_text] Abteilungen [\/vc_column_text][vc_empty_space height=&#8220;64px&#8220;][\/vc_column][\/vc_row][vc_row row_type=&#8220;row&#8220; use_row_as_full_screen_section=&#8220;no&#8220; type=&#8220;grid&#8220; text_align=&#8220;left&#8220; background_animation=&#8220;none&#8220; css_animation=&#8220;&#8220; css=&#8220;.vc_custom_1556616226285{padding-right: 16px !important;padding-left: 16px !important;background-color: #e5ecf2 !important;}&#8220; el_class=&#8220;abteilung_voll&#8220;][vc_column width=&#8220;1\/6&#8243;][vc_empty_space][vc_single_image image=&#8220;49&#8243; img_size=&#8220;medium&#8220; alignment=&#8220;center&#8220; qode_css_animation=&#8220;&#8220;][vc_empty_space][\/vc_column][vc_column width=&#8220;5\/6&#8243;][vc_empty_space][vc_column_text] Fu\u00dfball [\/vc_column_text][vc_empty_space height=&#8220;16px&#8220;][vc_column_text]Unsere Abteilung Fu\u00dfball&#8230;<\/p>\n","protected":false},"author":1,"featured_media":0,"parent":0,"menu_order":0,"comment_status":"closed","ping_status":"open","template":"full_width.php","meta":[],"_links":{"self":[{"href":"https:\/\/www.sgleimbach.de\/index.php\/wp-json\/wp\/v2\/pages\/2"}],"collection":[{"href":"https:\/\/www.sgleimbach.de\/index.php\/wp-json\/wp\/v2\/pages"}],"about":[{"href":"https:\/\/www.sgleimbach.de\/index.php\/wp-json\/wp\/v2\/types\/page"}],"author":[{"embeddable":true,"href":"https:\/\/www.sgleimbach.de\/index.php\/wp-json\/wp\/v2\/users\/1"}],"replies":[{"embeddable":true,"href":"https:\/\/www.sgleimbach.de\/index.php\/wp-json\/wp\/v2\/comments?post=2"}],"version-history":[{"count":92,"href":"https:\/\/www.sgleimbach.de\/index.php\/wp-json\/wp\/v2\/pages\/2\/revisions"}],"predecessor-version":[{"id":1619,"href":"https:\/\/www.sgleimbach.de\/index.php\/wp-json\/wp\/v2\/pages\/2\/revisions\/1619"}],"wp:attachment":[{"href":"https:\/\/www.sgleimbach.de\/index.php\/wp-json\/wp\/v2\/media?parent=2"}],"curies":[{"name":"wp","href":"https:\/\/api.w.org\/{rel}","templated":true}]}}