{"id":17,"date":"2019-04-26T13:41:45","date_gmt":"2019-04-26T11:41:45","guid":{"rendered":"https:\/\/sgleimbach.de\/?page_id=17"},"modified":"2019-08-02T12:56:25","modified_gmt":"2019-08-02T10:56:25","slug":"rugby","status":"publish","type":"page","link":"https:\/\/www.sgleimbach.de\/index.php\/rugby\/","title":{"rendered":"Rugby"},"content":{"rendered":"<p>[vc_row row_type=&#8220;row&#8220; use_row_as_full_screen_section=&#8220;no&#8220; type=&#8220;grid&#8220; text_align=&#8220;left&#8220; background_animation=&#8220;none&#8220; css_animation=&#8220;&#8220;][vc_column width=&#8220;1\/6&#8243;][\/vc_column][vc_column width=&#8220;4\/6&#8243;][vc_empty_space height=&#8220;96px&#8220;][vc_column_text]<\/p>\n<p style=\"text-align: center;\">Seit dem 19. August 2010 gibt es in unserem Verein die Abteilung Rugby. Der Seamr\u00f3g Rugbyclub Nordhausen \/ Leimbach l\u00e4d alle Interessierten zum Training auf unserem Sportplatz ein.<\/p>\n<p>[\/vc_column_text][vc_empty_space height=&#8220;96px&#8220;][\/vc_column][vc_column width=&#8220;1\/6&#8243;][\/vc_column][\/vc_row][vc_row row_type=&#8220;row&#8220; use_row_as_full_screen_section=&#8220;no&#8220; type=&#8220;grid&#8220; text_align=&#8220;left&#8220; background_animation=&#8220;none&#8220; css_animation=&#8220;&#8220;][vc_column width=&#8220;1\/3&#8243;][vc_column_text]<\/p>\n<h3>Trainingszeiten<\/h3>\n<p>[\/vc_column_text][vc_empty_space height=&#8220;64px&#8220;][vc_column_text]Derzeit findet kein regelm\u00e4\u00dfiges Training statt.[\/vc_column_text][vc_empty_space][\/vc_column][vc_column width=&#8220;1\/3&#8243;][\/vc_column][vc_column width=&#8220;1\/3&#8243;][vc_column_text]<\/p>\n<h3>Anprechpartner<\/h3>\n<p>[\/vc_column_text][vc_empty_space height=&#8220;64px&#8220;][vc_column_text]David Schickschneit<\/p>\n<p>E-Mail: <a href=\"mailto:schickschneit@sgleimbach.de\">schickschneit@sgleimbach.de<\/a>[\/vc_column_text][vc_empty_space][\/vc_column][\/vc_row][vc_row row_type=&#8220;row&#8220; use_row_as_full_screen_section=&#8220;no&#8220; type=&#8220;grid&#8220; text_align=&#8220;left&#8220; background_animation=&#8220;none&#8220; css_animation=&#8220;&#8220; el_class=&#8220;bg_rugby&#8220; css=&#8220;.vc_custom_1556799458315{background-image: url(https:\/\/sgleimbach.de\/wp-content\/uploads\/2019\/04\/sg_leimbach_icon_rugby_hell.svg?id=75) !important;}&#8220;][vc_column][vc_empty_space height=&#8220;64px&#8220;][vc_single_image image=&#8220;283&#8243; img_size=&#8220;large&#8220; qode_css_animation=&#8220;&#8220;][vc_empty_space height=&#8220;16px&#8220;][vc_column_text]<\/p>\n<h4>Unsere Mannschaft<\/h4>\n<p>[\/vc_column_text][vc_empty_space][vc_empty_space height=&#8220;64px&#8220;][\/vc_column][\/vc_row][vc_row row_type=&#8220;row&#8220; use_row_as_full_screen_section=&#8220;no&#8220; type=&#8220;grid&#8220; text_align=&#8220;left&#8220; background_animation=&#8220;none&#8220; css_animation=&#8220;&#8220; css=&#8220;.vc_custom_1556520854615{background-color: #e5ecf2 !important;}&#8220;][vc_column][vc_empty_space height=&#8220;96px&#8220;][vc_column_text]<\/p>\n<h1>Anforderungen<\/h1>\n<p>[\/vc_column_text][vc_empty_space height=&#8220;64px&#8220;][\/vc_column][\/vc_row][vc_row row_type=&#8220;row&#8220; use_row_as_full_screen_section=&#8220;no&#8220; type=&#8220;grid&#8220; text_align=&#8220;left&#8220; background_animation=&#8220;none&#8220; css_animation=&#8220;&#8220; css=&#8220;.vc_custom_1556799570576{background-color: #e5ecf2 !important;}&#8220; el_class=&#8220;anforderungen&#8220;][vc_column][vc_column_text]<\/p>\n<div class=\"aufzaehlung\">01<\/div>\n<p>Jeder ist eingeladen, egal ob M\u00e4nnchen oder Weibchen, dick oder d\u00fcnn, klein oder gro\u00df, kurze Haare (bitte keine politisch motivierten Kurzhaarschnitte) oder lange Haare, bei uns mitzuspielen.[\/vc_column_text][vc_empty_space height=&#8220;16px&#8220;][vc_column_text]<\/p>\n<div class=\"aufzaehlung\">02<\/div>\n<p>Bringt bitte Sportsachen mit an die keine emotionalen Werte gekn\u00fcpft sind oder die mehr als 5\u20ac gekostet haben. Ihr werdet sehr schnell feststellen das ihr diese sp\u00e4testens nach dem 2. Training nicht mehr zweckgem\u00e4\u00df einsetzen k\u00f6nnt. Wohl aber als \u00d6llappen o.\u00e4. \u2013 wir werden euch gerne beraten welche Klamotte ihr euch anschaffen k\u00f6nnt um diese auch l\u00e4nger als 2 Trainingseinheiten nutzen zu k\u00f6nnen. Grunds\u00e4tzlich gilt aber: Je derber der Stoff umso l\u00e4nger h\u00e4lt das Kleidungsst\u00fcck.[\/vc_column_text][vc_empty_space height=&#8220;16px&#8220;][vc_column_text]<\/p>\n<div class=\"aufzaehlung\">03<\/div>\n<p>Sofern es euch m\u00f6glich sein sollte, bringt bitte Stollenschuhe (Fussballschuhe) mit. F\u00fcr den Anfang machen es mit absoluter Sicherhheit auch die 15\u20ac Botten von einschl\u00e4gigen Billigschuhdiscountern. Grunds\u00e4tzlich gilt auch hier: Je mehr Grip desto besser.[\/vc_column_text][vc_empty_space height=&#8220;16px&#8220;][vc_column_text]<\/p>\n<div class=\"aufzaehlung\">04<\/div>\n<p>Regeln sind erstmal zweitrangig. Videos bei bekannte Internetplattformen sind informativ und lehrreich, jedoch ergeben sich die Feinheiten vor allem im Training. [\/vc_column_text][vc_empty_space height=&#8220;16px&#8220;][vc_column_text]<\/p>\n<div class=\"aufzaehlung\">05<\/div>\n<p>Bitte bringt einen Zahnschutz mit, nicht das die Mutti hinterher schimpft, dass das Bonusheft jetzt nur noch Schrottwert hat. Beim ersten Training ist der Zahnschutz sicherlich noch nicht so wichtig. Solltet ihr aber Spass an dem Spiel finden und euch ernsthaft engagieren wollen, dann solltet ihr \u00fcber diese Anschaffung nachdenken.<br \/>\n[\/vc_column_text][vc_empty_space height=&#8220;16px&#8220;][vc_column_text]<\/p>\n<div class=\"aufzaehlung\">06<\/div>\n<p>Interesse ist gut \u2013 Ausprobieren ist besser! [\/vc_column_text][\/vc_column][\/vc_row][vc_row row_type=&#8220;row&#8220; use_row_as_full_screen_section=&#8220;no&#8220; type=&#8220;full_width&#8220; text_align=&#8220;left&#8220; background_animation=&#8220;none&#8220; css_animation=&#8220;&#8220; css=&#8220;.vc_custom_1556520923979{background-color: #e5ecf2 !important;}&#8220;][vc_column][vc_empty_space height=&#8220;96px&#8220;][\/vc_column][\/vc_row]<\/p>\n","protected":false},"excerpt":{"rendered":"<p>[vc_row row_type=&#8220;row&#8220; use_row_as_full_screen_section=&#8220;no&#8220; type=&#8220;grid&#8220; text_align=&#8220;left&#8220; background_animation=&#8220;none&#8220; css_animation=&#8220;&#8220;][vc_column width=&#8220;1\/6&#8243;][\/vc_column][vc_column width=&#8220;4\/6&#8243;][vc_empty_space height=&#8220;96px&#8220;][vc_column_text] Seit dem 19. August 2010 gibt es in unserem Verein die Abteilung Rugby. Der Seamr\u00f3g Rugbyclub Nordhausen \/ Leimbach l\u00e4d alle Interessierten zum Training auf unserem Sportplatz ein. [\/vc_column_text][vc_empty_space height=&#8220;96px&#8220;][\/vc_column][vc_column width=&#8220;1\/6&#8243;][\/vc_column][\/vc_row][vc_row row_type=&#8220;row&#8220; use_row_as_full_screen_section=&#8220;no&#8220; type=&#8220;grid&#8220; text_align=&#8220;left&#8220;&#8230;<\/p>\n","protected":false},"author":1,"featured_media":0,"parent":0,"menu_order":0,"comment_status":"closed","ping_status":"closed","template":"full_width.php","meta":[],"_links":{"self":[{"href":"https:\/\/www.sgleimbach.de\/index.php\/wp-json\/wp\/v2\/pages\/17"}],"collection":[{"href":"https:\/\/www.sgleimbach.de\/index.php\/wp-json\/wp\/v2\/pages"}],"about":[{"href":"https:\/\/www.sgleimbach.de\/index.php\/wp-json\/wp\/v2\/types\/page"}],"author":[{"embeddable":true,"href":"https:\/\/www.sgleimbach.de\/index.php\/wp-json\/wp\/v2\/users\/1"}],"replies":[{"embeddable":true,"href":"https:\/\/www.sgleimbach.de\/index.php\/wp-json\/wp\/v2\/comments?post=17"}],"version-history":[{"count":11,"href":"https:\/\/www.sgleimbach.de\/index.php\/wp-json\/wp\/v2\/pages\/17\/revisions"}],"predecessor-version":[{"id":576,"href":"https:\/\/www.sgleimbach.de\/index.php\/wp-json\/wp\/v2\/pages\/17\/revisions\/576"}],"wp:attachment":[{"href":"https:\/\/www.sgleimbach.de\/index.php\/wp-json\/wp\/v2\/media?parent=17"}],"curies":[{"name":"wp","href":"https:\/\/api.w.org\/{rel}","templated":true}]}}