{"id":15,"date":"2019-04-26T13:41:30","date_gmt":"2019-04-26T11:41:30","guid":{"rendered":"https:\/\/sgleimbach.de\/?page_id=15"},"modified":"2019-08-02T12:40:41","modified_gmt":"2019-08-02T10:40:41","slug":"volleyball","status":"publish","type":"page","link":"https:\/\/www.sgleimbach.de\/index.php\/volleyball\/","title":{"rendered":"Volleyball"},"content":{"rendered":"<p>[vc_row row_type=&#8220;row&#8220; use_row_as_full_screen_section=&#8220;no&#8220; type=&#8220;grid&#8220; text_align=&#8220;left&#8220; background_animation=&#8220;none&#8220; css_animation=&#8220;&#8220; css=&#8220;.vc_custom_1564742342239{background-image: url(https:\/\/sgleimbach.de\/wp-content\/uploads\/2019\/04\/sg_leimbach_icon_volleyball_hell.svg?id=78) !important;}&#8220; el_class=&#8220;bg_volleyball&#8220;][vc_column][vc_row_inner row_type=&#8220;row&#8220; type=&#8220;full_width&#8220; use_row_as_full_screen_section_slide=&#8220;no&#8220; text_align=&#8220;left&#8220; css_animation=&#8220;&#8220;][vc_column_inner width=&#8220;1\/6&#8243;][\/vc_column_inner][vc_column_inner width=&#8220;4\/6&#8243;][vc_empty_space height=&#8220;96px&#8220;][vc_column_text]<\/p>\n<p style=\"text-align: center;\">Unsere Abteilung Volleyball umfasst 20 aktive Spieler.<\/p>\n<p style=\"text-align: center;\">Derzeit spielt unsere Volleyball-Mannschaft in der Kreisliga Nordhausen.<\/p>\n<p>[\/vc_column_text][vc_empty_space height=&#8220;96px&#8220;][\/vc_column_inner][vc_column_inner width=&#8220;1\/6&#8243;][\/vc_column_inner][\/vc_row_inner][vc_row_inner row_type=&#8220;row&#8220; type=&#8220;full_width&#8220; use_row_as_full_screen_section_slide=&#8220;no&#8220; text_align=&#8220;left&#8220; css_animation=&#8220;&#8220;][vc_column_inner width=&#8220;1\/3&#8243;][vc_column_text]<\/p>\n<h3>Trainingszeiten<\/h3>\n<p>[\/vc_column_text][vc_empty_space height=&#8220;64px&#8220;][vc_column_text]<\/p>\n<h4>Sonntags<\/h4>\n<p>18:00 &#8211; 20:00 Uhr<\/p>\n<p>Turnhalle Nordhausen Ost[\/vc_column_text][vc_empty_space][\/vc_column_inner][vc_column_inner width=&#8220;1\/3&#8243;][\/vc_column_inner][vc_column_inner width=&#8220;1\/3&#8243;][vc_column_text]<\/p>\n<h3>Anprechpartner<\/h3>\n<p>[\/vc_column_text][vc_empty_space height=&#8220;64px&#8220;][vc_column_text]<\/p>\n<h4>Detlef Hildebrandt<\/h4>\n<p>0172 4056236[\/vc_column_text][vc_empty_space][\/vc_column_inner][\/vc_row_inner][vc_empty_space height=&#8220;64px&#8220;][\/vc_column][\/vc_row][vc_row row_type=&#8220;row&#8220; use_row_as_full_screen_section=&#8220;no&#8220; type=&#8220;grid&#8220; text_align=&#8220;left&#8220; background_animation=&#8220;none&#8220; css_animation=&#8220;&#8220; css=&#8220;.vc_custom_1556520854615{background-color: #e5ecf2 !important;}&#8220;][vc_column][vc_empty_space height=&#8220;96px&#8220;][vc_column_text]<\/p>\n<h1>Unsere Beach-Volleyballplatz<\/h1>\n<p>[\/vc_column_text][vc_empty_space height=&#8220;64px&#8220;][\/vc_column][\/vc_row][vc_row row_type=&#8220;row&#8220; use_row_as_full_screen_section=&#8220;no&#8220; type=&#8220;grid&#8220; text_align=&#8220;left&#8220; background_animation=&#8220;none&#8220; css_animation=&#8220;&#8220; css=&#8220;.vc_custom_1556520916643{background-color: #e5ecf2 !important;}&#8220;][vc_column][vc_column_text]Unsere Sportanlage verf\u00fcgt \u00fcber einen Beach-Volleyballplatz, welcher in den Sommermonaten f\u00fcr die Trainingseinheiten genutzt wird. Im Winter findet das Training in der Turnhalle der Grund- und Regelschule: &#8222;Am F\u00f6rstemannweg&#8220; statt.[\/vc_column_text][vc_empty_space][\/vc_column][\/vc_row][vc_row row_type=&#8220;row&#8220; use_row_as_full_screen_section=&#8220;no&#8220; type=&#8220;full_width&#8220; text_align=&#8220;left&#8220; background_animation=&#8220;none&#8220; css_animation=&#8220;&#8220; css=&#8220;.vc_custom_1556520923979{background-color: #e5ecf2 !important;}&#8220;][vc_column][vc_empty_space height=&#8220;64px&#8220;][\/vc_column][\/vc_row]<\/p>\n","protected":false},"excerpt":{"rendered":"<p>[vc_row row_type=&#8220;row&#8220; use_row_as_full_screen_section=&#8220;no&#8220; type=&#8220;grid&#8220; text_align=&#8220;left&#8220; background_animation=&#8220;none&#8220; css_animation=&#8220;&#8220; css=&#8220;.vc_custom_1564742342239{background-image: url(https:\/\/sgleimbach.de\/wp-content\/uploads\/2019\/04\/sg_leimbach_icon_volleyball_hell.svg?id=78) !important;}&#8220; el_class=&#8220;bg_volleyball&#8220;][vc_column][vc_row_inner row_type=&#8220;row&#8220; type=&#8220;full_width&#8220; use_row_as_full_screen_section_slide=&#8220;no&#8220; text_align=&#8220;left&#8220; css_animation=&#8220;&#8220;][vc_column_inner width=&#8220;1\/6&#8243;][\/vc_column_inner][vc_column_inner width=&#8220;4\/6&#8243;][vc_empty_space height=&#8220;96px&#8220;][vc_column_text] Unsere Abteilung Volleyball umfasst 20 aktive Spieler. Derzeit spielt unsere Volleyball-Mannschaft in der Kreisliga Nordhausen. [\/vc_column_text][vc_empty_space height=&#8220;96px&#8220;][\/vc_column_inner][vc_column_inner width=&#8220;1\/6&#8243;][\/vc_column_inner][\/vc_row_inner][vc_row_inner row_type=&#8220;row&#8220; type=&#8220;full_width&#8220; use_row_as_full_screen_section_slide=&#8220;no&#8220; text_align=&#8220;left&#8220; css_animation=&#8220;&#8220;][vc_column_inner width=&#8220;1\/3&#8243;][vc_column_text] Trainingszeiten [\/vc_column_text][vc_empty_space&#8230;<\/p>\n","protected":false},"author":1,"featured_media":0,"parent":0,"menu_order":0,"comment_status":"closed","ping_status":"closed","template":"full_width.php","meta":[],"_links":{"self":[{"href":"https:\/\/www.sgleimbach.de\/index.php\/wp-json\/wp\/v2\/pages\/15"}],"collection":[{"href":"https:\/\/www.sgleimbach.de\/index.php\/wp-json\/wp\/v2\/pages"}],"about":[{"href":"https:\/\/www.sgleimbach.de\/index.php\/wp-json\/wp\/v2\/types\/page"}],"author":[{"embeddable":true,"href":"https:\/\/www.sgleimbach.de\/index.php\/wp-json\/wp\/v2\/users\/1"}],"replies":[{"embeddable":true,"href":"https:\/\/www.sgleimbach.de\/index.php\/wp-json\/wp\/v2\/comments?post=15"}],"version-history":[{"count":8,"href":"https:\/\/www.sgleimbach.de\/index.php\/wp-json\/wp\/v2\/pages\/15\/revisions"}],"predecessor-version":[{"id":573,"href":"https:\/\/www.sgleimbach.de\/index.php\/wp-json\/wp\/v2\/pages\/15\/revisions\/573"}],"wp:attachment":[{"href":"https:\/\/www.sgleimbach.de\/index.php\/wp-json\/wp\/v2\/media?parent=15"}],"curies":[{"name":"wp","href":"https:\/\/api.w.org\/{rel}","templated":true}]}}